{"id":3912,"date":"2020-11-25T08:39:22","date_gmt":"2020-11-25T08:39:22","guid":{"rendered":"https:\/\/wpkoi.com\/demos6\/ishta-premium\/?page_id=3912"},"modified":"2025-02-01T12:12:40","modified_gmt":"2025-02-01T12:12:40","slug":"contact","status":"publish","type":"page","link":"https:\/\/kohserlimages.com\/index.php\/contact\/","title":{"rendered":"Contact"},"content":{"rendered":"\t\t<div data-elementor-type=\"wp-page\" data-elementor-id=\"3912\" class=\"elementor elementor-3912\">\n\t\t\t\t\t\t<section class=\"elementor-section elementor-top-section elementor-element elementor-element-67de9dab elementor-section-full_width elementor-section-height-default elementor-section-height-default\" data-id=\"67de9dab\" data-element_type=\"section\" data-settings=\"{&quot;background_background&quot;:&quot;slideshow&quot;,&quot;background_slideshow_gallery&quot;:[{&quot;id&quot;:6349,&quot;url&quot;:&quot;https:\\\/\\\/wpkoi.com\\\/demos8\\\/gotra-premium\\\/wp-content\\\/uploads\\\/sites\\\/4\\\/2022\\\/01\\\/gotra-11.jpg&quot;},{&quot;id&quot;:6348,&quot;url&quot;:&quot;https:\\\/\\\/wpkoi.com\\\/demos8\\\/gotra-premium\\\/wp-content\\\/uploads\\\/sites\\\/4\\\/2022\\\/01\\\/gotra-10.jpg&quot;},{&quot;id&quot;:6347,&quot;url&quot;:&quot;https:\\\/\\\/wpkoi.com\\\/demos8\\\/gotra-premium\\\/wp-content\\\/uploads\\\/sites\\\/4\\\/2022\\\/01\\\/gotra-9.jpg&quot;}],&quot;background_slideshow_slide_duration&quot;:3000,&quot;background_slideshow_transition_duration&quot;:200,&quot;wpkoi_parallax_layout_image&quot;:{&quot;url&quot;:&quot;&quot;,&quot;id&quot;:&quot;&quot;,&quot;size&quot;:&quot;&quot;},&quot;wpkoi_parallax_layout_speed&quot;:{&quot;unit&quot;:&quot;%&quot;,&quot;size&quot;:50,&quot;sizes&quot;:[]},&quot;wpkoi_parallax_layout_type&quot;:&quot;scroll&quot;,&quot;wpkoi_parallax_layout_bg_x&quot;:50,&quot;wpkoi_parallax_layout_bg_y&quot;:50,&quot;wpkoi_parallax_layout_bg_size&quot;:&quot;auto&quot;,&quot;wpkoi_parallax_layout_animation_prop&quot;:&quot;transform&quot;,&quot;background_slideshow_loop&quot;:&quot;yes&quot;,&quot;background_slideshow_slide_transition&quot;:&quot;fade&quot;,&quot;section_wpkoi_tricks_particles&quot;:&quot;false&quot;,&quot;section_wpkoi_background_change&quot;:&quot;false&quot;}\">\n\t\t\t\t\t\t\t<div class=\"elementor-background-overlay\"><\/div>\n\t\t\t\t\t\t\t<div class=\"elementor-container elementor-column-gap-default\">\n\t\t\t\t\t<div class=\"elementor-column elementor-col-100 elementor-top-column elementor-element elementor-element-2d9ce59a\" data-id=\"2d9ce59a\" data-element_type=\"column\" data-settings=\"{&quot;background_background&quot;:&quot;classic&quot;}\">\n\t\t\t<div class=\"elementor-widget-wrap elementor-element-populated\">\n\t\t\t\t\t\t<div class=\"elementor-element elementor-element-465ad225 elementor-widget__width-auto elementor-widget elementor-widget-heading\" data-id=\"465ad225\" data-element_type=\"widget\" data-widget_type=\"heading.default\">\n\t\t\t\t<div class=\"elementor-widget-container\">\n\t\t\t\t\t<h2 class=\"elementor-heading-title elementor-size-default\">foto\u011fraf<\/h2>\t\t\t\t<\/div>\n\t\t\t\t<\/div>\n\t\t\t\t<div class=\"elementor-element elementor-element-7bcf31b0 elementor-widget__width-auto elementor-widget elementor-widget-heading\" data-id=\"7bcf31b0\" data-element_type=\"widget\" data-widget_type=\"heading.default\">\n\t\t\t\t<div class=\"elementor-widget-container\">\n\t\t\t\t\t<h2 class=\"elementor-heading-title elementor-size-default\">video<\/h2>\t\t\t\t<\/div>\n\t\t\t\t<\/div>\n\t\t\t\t<div class=\"elementor-element elementor-element-28c26b0c elementor-widget elementor-widget-spacer\" data-id=\"28c26b0c\" data-element_type=\"widget\" data-widget_type=\"spacer.default\">\n\t\t\t\t<div class=\"elementor-widget-container\">\n\t\t\t\t\t\t\t<div class=\"elementor-spacer\">\n\t\t\t<div class=\"elementor-spacer-inner\"><\/div>\n\t\t<\/div>\n\t\t\t\t\t\t<\/div>\n\t\t\t\t<\/div>\n\t\t\t\t<section class=\"elementor-section elementor-inner-section elementor-element elementor-element-3813fe9e elementor-section-full_width elementor-section-height-default elementor-section-height-default\" data-id=\"3813fe9e\" data-element_type=\"section\" data-settings=\"{&quot;wpkoi_parallax_layout_image&quot;:{&quot;url&quot;:&quot;&quot;,&quot;id&quot;:&quot;&quot;,&quot;size&quot;:&quot;&quot;},&quot;wpkoi_parallax_layout_speed&quot;:{&quot;unit&quot;:&quot;%&quot;,&quot;size&quot;:50,&quot;sizes&quot;:[]},&quot;wpkoi_parallax_layout_type&quot;:&quot;scroll&quot;,&quot;wpkoi_parallax_layout_bg_x&quot;:50,&quot;wpkoi_parallax_layout_bg_y&quot;:50,&quot;wpkoi_parallax_layout_bg_size&quot;:&quot;auto&quot;,&quot;wpkoi_parallax_layout_animation_prop&quot;:&quot;transform&quot;,&quot;section_wpkoi_tricks_particles&quot;:&quot;false&quot;,&quot;section_wpkoi_background_change&quot;:&quot;false&quot;}\">\n\t\t\t\t\t\t<div class=\"elementor-container elementor-column-gap-default\">\n\t\t\t\t\t<div class=\"elementor-column elementor-col-50 elementor-inner-column elementor-element elementor-element-2f73ec86\" data-id=\"2f73ec86\" data-element_type=\"column\">\n\t\t\t<div class=\"elementor-widget-wrap elementor-element-populated\">\n\t\t\t\t\t\t<div class=\"elementor-element elementor-element-3a03a700 elementor-widget elementor-widget-text-editor\" data-id=\"3a03a700\" data-element_type=\"widget\" data-widget_type=\"text-editor.default\">\n\t\t\t\t<div class=\"elementor-widget-container\">\n\t\t\t\t\t\t\t\t\t<p>\u00dcr\u00fcn odakl\u0131 foto\u011fraf ve video \u00fcretti\u011fimiz st\u00fcdyomuz, \u0130stanbul Maltepededir. Bizimle i\u015fbirli\u011fi yapmak isteyen marka ve ajanslar\u0131 bekliyoruz.<\/p>\t\t\t\t\t\t\t\t<\/div>\n\t\t\t\t<\/div>\n\t\t\t\t\t<\/div>\n\t\t<\/div>\n\t\t\t\t<div class=\"elementor-column elementor-col-50 elementor-inner-column elementor-element elementor-element-49b90f09\" data-id=\"49b90f09\" data-element_type=\"column\">\n\t\t\t<div class=\"elementor-widget-wrap elementor-element-populated\">\n\t\t\t\t\t\t<div class=\"elementor-element elementor-element-648dccf7 elementor-view-stacked elementor-widget__width-auto elementor-shape-circle elementor-widget elementor-widget-icon\" data-id=\"648dccf7\" data-element_type=\"widget\" data-widget_type=\"icon.default\">\n\t\t\t\t<div class=\"elementor-widget-container\">\n\t\t\t\t\t\t\t<div class=\"elementor-icon-wrapper\">\n\t\t\t<a class=\"elementor-icon elementor-animation-grow\" href=\"https:\/\/www.linkedin.com\/in\/haluk-k\u00f6hserli-04690121b\/\">\n\t\t\t<svg aria-hidden=\"true\" class=\"e-font-icon-svg e-fab-linkedin\" viewBox=\"0 0 448 512\" xmlns=\"http:\/\/www.w3.org\/2000\/svg\"><path d=\"M416 32H31.9C14.3 32 0 46.5 0 64.3v383.4C0 465.5 14.3 480 31.9 480H416c17.6 0 32-14.5 32-32.3V64.3c0-17.8-14.4-32.3-32-32.3zM135.4 416H69V202.2h66.5V416zm-33.2-243c-21.3 0-38.5-17.3-38.5-38.5S80.9 96 102.2 96c21.2 0 38.5 17.3 38.5 38.5 0 21.3-17.2 38.5-38.5 38.5zm282.1 243h-66.4V312c0-24.8-.5-56.7-34.5-56.7-34.6 0-39.9 27-39.9 54.9V416h-66.4V202.2h63.7v29.2h.9c8.9-16.8 30.6-34.5 62.9-34.5 67.2 0 79.7 44.3 79.7 101.9V416z\"><\/path><\/svg>\t\t\t<\/a>\n\t\t<\/div>\n\t\t\t\t\t\t<\/div>\n\t\t\t\t<\/div>\n\t\t\t\t<div class=\"elementor-element elementor-element-f129101 elementor-view-framed elementor-widget__width-auto elementor-shape-circle elementor-widget elementor-widget-icon\" data-id=\"f129101\" data-element_type=\"widget\" data-widget_type=\"icon.default\">\n\t\t\t\t<div class=\"elementor-widget-container\">\n\t\t\t\t\t\t\t<div class=\"elementor-icon-wrapper\">\n\t\t\t<a class=\"elementor-icon elementor-animation-grow\" href=\"https:\/\/www.instagram.com\/kohserlimages\/\">\n\t\t\t<svg aria-hidden=\"true\" class=\"e-font-icon-svg e-fab-instagram\" viewBox=\"0 0 448 512\" xmlns=\"http:\/\/www.w3.org\/2000\/svg\"><path d=\"M224.1 141c-63.6 0-114.9 51.3-114.9 114.9s51.3 114.9 114.9 114.9S339 319.5 339 255.9 287.7 141 224.1 141zm0 189.6c-41.1 0-74.7-33.5-74.7-74.7s33.5-74.7 74.7-74.7 74.7 33.5 74.7 74.7-33.6 74.7-74.7 74.7zm146.4-194.3c0 14.9-12 26.8-26.8 26.8-14.9 0-26.8-12-26.8-26.8s12-26.8 26.8-26.8 26.8 12 26.8 26.8zm76.1 27.2c-1.7-35.9-9.9-67.7-36.2-93.9-26.2-26.2-58-34.4-93.9-36.2-37-2.1-147.9-2.1-184.9 0-35.8 1.7-67.6 9.9-93.9 36.1s-34.4 58-36.2 93.9c-2.1 37-2.1 147.9 0 184.9 1.7 35.9 9.9 67.7 36.2 93.9s58 34.4 93.9 36.2c37 2.1 147.9 2.1 184.9 0 35.9-1.7 67.7-9.9 93.9-36.2 26.2-26.2 34.4-58 36.2-93.9 2.1-37 2.1-147.8 0-184.8zM398.8 388c-7.8 19.6-22.9 34.7-42.6 42.6-29.5 11.7-99.5 9-132.1 9s-102.7 2.6-132.1-9c-19.6-7.8-34.7-22.9-42.6-42.6-11.7-29.5-9-99.5-9-132.1s-2.6-102.7 9-132.1c7.8-19.6 22.9-34.7 42.6-42.6 29.5-11.7 99.5-9 132.1-9s102.7-2.6 132.1 9c19.6 7.8 34.7 22.9 42.6 42.6 11.7 29.5 9 99.5 9 132.1s2.7 102.7-9 132.1z\"><\/path><\/svg>\t\t\t<\/a>\n\t\t<\/div>\n\t\t\t\t\t\t<\/div>\n\t\t\t\t<\/div>\n\t\t\t\t<div class=\"elementor-element elementor-element-e71decc elementor-view-framed elementor-widget__width-auto elementor-shape-circle elementor-widget elementor-widget-icon\" data-id=\"e71decc\" data-element_type=\"widget\" data-widget_type=\"icon.default\">\n\t\t\t\t<div class=\"elementor-widget-container\">\n\t\t\t\t\t\t\t<div class=\"elementor-icon-wrapper\">\n\t\t\t<a class=\"elementor-icon elementor-animation-grow\" href=\"https:\/\/www.behance.net\/halukkhserli\">\n\t\t\t<svg aria-hidden=\"true\" class=\"e-font-icon-svg e-fab-behance\" viewBox=\"0 0 576 512\" xmlns=\"http:\/\/www.w3.org\/2000\/svg\"><path d=\"M232 237.2c31.8-15.2 48.4-38.2 48.4-74 0-70.6-52.6-87.8-113.3-87.8H0v354.4h171.8c64.4 0 124.9-30.9 124.9-102.9 0-44.5-21.1-77.4-64.7-89.7zM77.9 135.9H151c28.1 0 53.4 7.9 53.4 40.5 0 30.1-19.7 42.2-47.5 42.2h-79v-82.7zm83.3 233.7H77.9V272h84.9c34.3 0 56 14.3 56 50.6 0 35.8-25.9 47-57.6 47zm358.5-240.7H376V94h143.7v34.9zM576 305.2c0-75.9-44.4-139.2-124.9-139.2-78.2 0-131.3 58.8-131.3 135.8 0 79.9 50.3 134.7 131.3 134.7 61.3 0 101-27.6 120.1-86.3H509c-6.7 21.9-34.3 33.5-55.7 33.5-41.3 0-63-24.2-63-65.3h185.1c.3-4.2.6-8.7.6-13.2zM390.4 274c2.3-33.7 24.7-54.8 58.5-54.8 35.4 0 53.2 20.8 56.2 54.8H390.4z\"><\/path><\/svg>\t\t\t<\/a>\n\t\t<\/div>\n\t\t\t\t\t\t<\/div>\n\t\t\t\t<\/div>\n\t\t\t\t\t<\/div>\n\t\t<\/div>\n\t\t\t\t\t<\/div>\n\t\t<\/section>\n\t\t\t\t\t<\/div>\n\t\t<\/div>\n\t\t\t\t\t<\/div>\n\t\t<\/section>\n\t\t\t\t<section class=\"elementor-section elementor-top-section elementor-element elementor-element-cf756ea elementor-section-boxed elementor-section-height-default elementor-section-height-default\" data-id=\"cf756ea\" data-element_type=\"section\" data-settings=\"{&quot;wpkoi_parallax_layout_image&quot;:{&quot;url&quot;:&quot;&quot;,&quot;id&quot;:&quot;&quot;,&quot;size&quot;:&quot;&quot;},&quot;wpkoi_parallax_layout_speed&quot;:{&quot;unit&quot;:&quot;%&quot;,&quot;size&quot;:50,&quot;sizes&quot;:[]},&quot;wpkoi_parallax_layout_type&quot;:&quot;scroll&quot;,&quot;wpkoi_parallax_layout_bg_x&quot;:50,&quot;wpkoi_parallax_layout_bg_y&quot;:50,&quot;wpkoi_parallax_layout_bg_size&quot;:&quot;auto&quot;,&quot;wpkoi_parallax_layout_animation_prop&quot;:&quot;transform&quot;,&quot;section_wpkoi_tricks_particles&quot;:&quot;false&quot;,&quot;section_wpkoi_background_change&quot;:&quot;false&quot;}\">\n\t\t\t\t\t\t<div class=\"elementor-container elementor-column-gap-default\">\n\t\t\t\t\t<div class=\"elementor-column elementor-col-100 elementor-top-column elementor-element elementor-element-7027155\" data-id=\"7027155\" data-element_type=\"column\">\n\t\t\t<div class=\"elementor-widget-wrap elementor-element-populated\">\n\t\t\t\t\t\t<div class=\"elementor-element elementor-element-56028f4 elementor-widget elementor-widget-heading\" data-id=\"56028f4\" data-element_type=\"widget\" data-widget_type=\"heading.default\">\n\t\t\t\t<div class=\"elementor-widget-container\">\n\t\t\t\t\t<h2 class=\"elementor-heading-title elementor-size-default\">bize ula\u015f!<\/h2>\t\t\t\t<\/div>\n\t\t\t\t<\/div>\n\t\t\t\t\t<\/div>\n\t\t<\/div>\n\t\t\t\t\t<\/div>\n\t\t<\/section>\n\t\t\t\t<section class=\"elementor-section elementor-top-section elementor-element elementor-element-965d4d1 elementor-section-boxed elementor-section-height-default elementor-section-height-default\" data-id=\"965d4d1\" data-element_type=\"section\" data-settings=\"{&quot;wpkoi_parallax_layout_image&quot;:{&quot;url&quot;:&quot;&quot;,&quot;id&quot;:&quot;&quot;,&quot;size&quot;:&quot;&quot;},&quot;wpkoi_parallax_layout_speed&quot;:{&quot;unit&quot;:&quot;%&quot;,&quot;size&quot;:50,&quot;sizes&quot;:[]},&quot;wpkoi_parallax_layout_type&quot;:&quot;scroll&quot;,&quot;wpkoi_parallax_layout_bg_x&quot;:50,&quot;wpkoi_parallax_layout_bg_y&quot;:50,&quot;wpkoi_parallax_layout_bg_size&quot;:&quot;auto&quot;,&quot;wpkoi_parallax_layout_animation_prop&quot;:&quot;transform&quot;,&quot;section_wpkoi_tricks_particles&quot;:&quot;false&quot;,&quot;section_wpkoi_background_change&quot;:&quot;false&quot;}\">\n\t\t\t\t\t\t<div class=\"elementor-container elementor-column-gap-default\">\n\t\t\t\t\t<div class=\"elementor-column elementor-col-50 elementor-top-column elementor-element elementor-element-640ce47\" data-id=\"640ce47\" data-element_type=\"column\">\n\t\t\t<div class=\"elementor-widget-wrap elementor-element-populated\">\n\t\t\t\t\t\t<div class=\"elementor-element elementor-element-22a2c25a elementor-widget elementor-widget-text-editor\" data-id=\"22a2c25a\" data-element_type=\"widget\" data-widget_type=\"text-editor.default\">\n\t\t\t\t<div class=\"elementor-widget-container\">\n\t\t\t\t\t\t\t\t\t<p>St\u00fcdyomuzda veya belirlenmi\u015f mekanlarda \u00e7ekimler yapmaktay\u0131z. Fiyatlamalar ve s\u00fcre\u00e7 hakk\u0131nda detayl\u0131 bilgi almak i\u00e7in hemen bizi ara;<\/p>\t\t\t\t\t\t\t\t<\/div>\n\t\t\t\t<\/div>\n\t\t\t\t\t<\/div>\n\t\t<\/div>\n\t\t\t\t<div class=\"elementor-column elementor-col-50 elementor-top-column elementor-element elementor-element-d155488\" data-id=\"d155488\" data-element_type=\"column\" data-settings=\"{&quot;background_background&quot;:&quot;classic&quot;}\">\n\t\t\t<div class=\"elementor-widget-wrap elementor-element-populated\">\n\t\t\t\t\t\t<div class=\"elementor-element elementor-element-aab84f8 elementor-widget elementor-widget-text-editor\" data-id=\"aab84f8\" data-element_type=\"widget\" data-widget_type=\"text-editor.default\">\n\t\t\t\t<div class=\"elementor-widget-container\">\n\t\t\t\t\t\t\t\t\t<p><strong>Phone:<\/strong> +905356020492<br \/><strong>E-mail:<\/strong> info@kohserlimages.com<\/p><p>\u00a0<\/p><p>\u00a0<\/p>\t\t\t\t\t\t\t\t<\/div>\n\t\t\t\t<\/div>\n\t\t\t\t\t<\/div>\n\t\t<\/div>\n\t\t\t\t\t<\/div>\n\t\t<\/section>\n\t\t\t\t<section class=\"elementor-section elementor-top-section elementor-element elementor-element-5a2ebd39 elementor-section-boxed elementor-section-height-default elementor-section-height-default\" data-id=\"5a2ebd39\" data-element_type=\"section\" data-settings=\"{&quot;wpkoi_parallax_layout_image&quot;:{&quot;url&quot;:&quot;&quot;,&quot;id&quot;:&quot;&quot;,&quot;size&quot;:&quot;&quot;},&quot;wpkoi_parallax_layout_speed&quot;:{&quot;unit&quot;:&quot;%&quot;,&quot;size&quot;:50,&quot;sizes&quot;:[]},&quot;wpkoi_parallax_layout_type&quot;:&quot;scroll&quot;,&quot;wpkoi_parallax_layout_bg_x&quot;:50,&quot;wpkoi_parallax_layout_bg_y&quot;:50,&quot;wpkoi_parallax_layout_bg_size&quot;:&quot;auto&quot;,&quot;wpkoi_parallax_layout_animation_prop&quot;:&quot;transform&quot;,&quot;section_wpkoi_tricks_particles&quot;:&quot;false&quot;,&quot;section_wpkoi_background_change&quot;:&quot;false&quot;}\">\n\t\t\t\t\t\t<div class=\"elementor-container elementor-column-gap-default\">\n\t\t\t\t\t<div class=\"elementor-column elementor-col-100 elementor-top-column elementor-element elementor-element-11a7c5f5\" data-id=\"11a7c5f5\" data-element_type=\"column\">\n\t\t\t<div class=\"elementor-widget-wrap elementor-element-populated\">\n\t\t\t\t\t\t<div class=\"elementor-element elementor-element-195539ca elementor-widget elementor-widget-google_maps\" data-id=\"195539ca\" data-element_type=\"widget\" data-widget_type=\"google_maps.default\">\n\t\t\t\t<div class=\"elementor-widget-container\">\n\t\t\t\t\t\t\t<div class=\"elementor-custom-embed\">\n\t\t\t<iframe loading=\"lazy\"\n\t\t\t\t\tsrc=\"https:\/\/maps.google.com\/maps?q=kohserlimages&#038;t=m&#038;z=10&#038;output=embed&#038;iwloc=near\"\n\t\t\t\t\ttitle=\"kohserlimages\"\n\t\t\t\t\taria-label=\"kohserlimages\"\n\t\t\t><\/iframe>\n\t\t<\/div>\n\t\t\t\t\t\t<\/div>\n\t\t\t\t<\/div>\n\t\t\t\t\t<\/div>\n\t\t<\/div>\n\t\t\t\t\t<\/div>\n\t\t<\/section>\n\t\t\t\t<section class=\"elementor-section elementor-top-section elementor-element elementor-element-f5459da elementor-section-boxed elementor-section-height-default elementor-section-height-default\" data-id=\"f5459da\" data-element_type=\"section\" data-settings=\"{&quot;background_background&quot;:&quot;classic&quot;,&quot;wpkoi_parallax_layout_image&quot;:{&quot;url&quot;:&quot;&quot;,&quot;id&quot;:&quot;&quot;,&quot;size&quot;:&quot;&quot;},&quot;wpkoi_parallax_layout_speed&quot;:{&quot;unit&quot;:&quot;%&quot;,&quot;size&quot;:50,&quot;sizes&quot;:[]},&quot;wpkoi_parallax_layout_type&quot;:&quot;scroll&quot;,&quot;wpkoi_parallax_layout_bg_x&quot;:50,&quot;wpkoi_parallax_layout_bg_y&quot;:50,&quot;wpkoi_parallax_layout_bg_size&quot;:&quot;auto&quot;,&quot;wpkoi_parallax_layout_animation_prop&quot;:&quot;transform&quot;,&quot;section_wpkoi_tricks_particles&quot;:&quot;false&quot;,&quot;section_wpkoi_background_change&quot;:&quot;false&quot;}\">\n\t\t\t\t\t\t<div class=\"elementor-container elementor-column-gap-default\">\n\t\t\t\t\t<div class=\"elementor-column elementor-col-100 elementor-top-column elementor-element elementor-element-e7f4d73\" data-id=\"e7f4d73\" data-element_type=\"column\">\n\t\t\t<div class=\"elementor-widget-wrap elementor-element-populated\">\n\t\t\t\t\t\t<div class=\"elementor-element elementor-element-16ecc03 elementor-widget elementor-widget-heading\" data-id=\"16ecc03\" data-element_type=\"widget\" data-widget_type=\"heading.default\">\n\t\t\t\t<div class=\"elementor-widget-container\">\n\t\t\t\t\t<h2 class=\"elementor-heading-title elementor-size-default\">TE\u015eEKK\u00dcRLER<\/h2>\t\t\t\t<\/div>\n\t\t\t\t<\/div>\n\t\t\t\t\t<\/div>\n\t\t<\/div>\n\t\t\t\t\t<\/div>\n\t\t<\/section>\n\t\t\t\t<\/div>\n\t\t","protected":false},"excerpt":{"rendered":"<p>foto\u011fraf video \u00dcr\u00fcn odakl\u0131 foto\u011fraf ve video \u00fcretti\u011fimiz st\u00fcdyomuz, \u0130stanbul Maltepededir. Bizimle i\u015fbirli\u011fi yapmak isteyen marka ve ajanslar\u0131 bekliyoruz. bize ula\u015f! St\u00fcdyomuzda veya belirlenmi\u015f mekanlarda \u00e7ekimler yapmaktay\u0131z. Fiyatlamalar ve s\u00fcre\u00e7 hakk\u0131nda detayl\u0131 bilgi almak i\u00e7in hemen bizi ara; Phone: +905356020492E-mail: info@kohserlimages.com \u00a0 \u00a0 TE\u015eEKK\u00dcRLER<\/p>\n","protected":false},"author":1,"featured_media":0,"parent":0,"menu_order":0,"comment_status":"closed","ping_status":"closed","template":"elementor_header_footer","meta":{"footnotes":""},"class_list":["post-3912","page","type-page","status-publish","hentry"],"_links":{"self":[{"href":"https:\/\/kohserlimages.com\/index.php\/wp-json\/wp\/v2\/page\/3912","targetHints":{"allow":["GET"]}}],"collection":[{"href":"https:\/\/kohserlimages.com\/index.php\/wp-json\/wp\/v2\/page"}],"about":[{"href":"https:\/\/kohserlimages.com\/index.php\/wp-json\/wp\/v2\/types\/page"}],"author":[{"embeddable":true,"href":"https:\/\/kohserlimages.com\/index.php\/wp-json\/wp\/v2\/users\/1"}],"replies":[{"embeddable":true,"href":"https:\/\/kohserlimages.com\/index.php\/wp-json\/wp\/v2\/comments?post=3912"}],"version-history":[{"count":6,"href":"https:\/\/kohserlimages.com\/index.php\/wp-json\/wp\/v2\/page\/3912\/revisions"}],"predecessor-version":[{"id":6644,"href":"https:\/\/kohserlimages.com\/index.php\/wp-json\/wp\/v2\/page\/3912\/revisions\/6644"}],"wp:attachment":[{"href":"https:\/\/kohserlimages.com\/index.php\/wp-json\/wp\/v2\/media?parent=3912"}],"curies":[{"name":"wp","href":"https:\/\/api.w.org\/{rel}","templated":true}]}}